{"id":83,"date":"2024-03-05T00:02:43","date_gmt":"2024-03-05T00:02:43","guid":{"rendered":"https:\/\/kevinvite.com\/?page_id=83"},"modified":"2024-09-02T17:46:12","modified_gmt":"2024-09-02T17:46:12","slug":"semestre-2024-1","status":"publish","type":"page","link":"https:\/\/kevinvite.com\/?page_id=83","title":{"rendered":"Semestre 2024-2"},"content":{"rendered":"\n<p class=\"wp-block-paragraph\">Estimados Estudiantes de Ingenier\u00eda Inform\u00e1tica,<\/p>\n\n\n\n<p class=\"wp-block-paragraph\">Es con gran entusiasmo y optimismo que les doy la m\u00e1s cordial bienvenida al inicio de un nuevo semestre en el Tecnol\u00f3gico de Estudios Superiores de Chalco, es un placer para mi dar inicio a esta etapa llena de aprendizaje, desaf\u00edos y crecimiento personal y acad\u00e9mico, el inicio de un nuevo semestre es siempre una oportunidad para renovar nuestras energ\u00edas, fijar metas y comprometernos con nuestro desarrollo profesional, para muchos de ustedes, este semestre trae consigo nuevas materias, retos acad\u00e9micos y la oportunidad de profundizar en \u00e1reas espec\u00edficas de la ingenier\u00eda inform\u00e1tica.<\/p>\n\n\n\n<p class=\"wp-block-paragraph\">A medida que nos adentramos en este nuevo periodo acad\u00e9mico, los alentamos a mantener una actitud positiva y proactiva hacia sus estudios. Sabemos que cada materia que cursar\u00e1n representar\u00e1 una nueva oportunidad para adquirir conocimientos, habilidades y experiencias que les ser\u00e1n invaluable en su carrera profesional futura, recuerden siempre la importancia de la perseverancia y el trabajo duro,los desaf\u00edos que enfrentar\u00e1n a lo largo de este semestre ser\u00e1n numerosos, pero con dedicaci\u00f3n y determinaci\u00f3n, estoy seguro de que podr\u00e1n superarlos con \u00e9xito. No duden en buscar ayuda cuando la necesiten, ya sea de sus profesores, compa\u00f1eros de clase o servicios de apoyo acad\u00e9mico que ofrece nuestra instituci\u00f3n. Estamos aqu\u00ed para apoyarlos en cada paso del camino.<\/p>\n\n\n\n<p class=\"wp-block-paragraph\">Adem\u00e1s, los aliento a aprovechar al m\u00e1ximo todas las oportunidades que el Tecnol\u00f3gico de Estudios Superiores de Chalco les brinda fuera del aula, ya sea participando en proyectos de investigaci\u00f3n, actividades extracurriculares, eventos culturales o programas de intercambio acad\u00e9mico. Estas experiencias complementar\u00e1n su formaci\u00f3n acad\u00e9mica y les ayudar\u00e1n a desarrollar habilidades adicionales que ser\u00e1n invaluable en su futuro profesional.<\/p>\n\n\n\n<p class=\"wp-block-paragraph\">\u00a1Adelante, queridos estudiantes! Estoy emocionado de acompa\u00f1arlos en este viaje de aprendizaje y descubrimiento.<\/p>\n\n\n\n<p class=\"wp-block-paragraph\">Atentamente,<\/p>\n\n\n\n<p class=\"wp-block-paragraph\">Mtro. Kevin Gyovani Ramirez Vite, Docente, Tecnol\u00f3gico de Estudios Superiores de Chalco.<\/p>\n\n\n\n<h1 class=\"wp-block-heading has-x-large-font-size\">Sistemas Operativos II<\/h1>\n\n\n\n\n\n<p class=\"has-x-large-font-size wp-block-paragraph\"><strong>Seguridad Digital<\/strong><\/p>\n\n\n\n<p class=\"has-text-align-left has-x-large-font-size wp-block-paragraph\"><strong>Programaci\u00f3n En Ambiente Cliente Servidor<\/strong><\/p>\n\n\n\n<p class=\"has-x-large-font-size wp-block-paragraph\"><strong>Estructura De Datos<\/strong><\/p>\n\n\n\n<p class=\"has-x-large-font-size wp-block-paragraph\"><strong>Desarrollo De Aplicaciones Web<\/strong><\/p>\n","protected":false},"excerpt":{"rendered":"<p>Estimados Estudiantes de Ingenier\u00eda Inform\u00e1tica, Es con gran entusiasmo y optimismo que les doy la m\u00e1s cordial bienvenida al inicio de un nuevo semestre en el Tecnol\u00f3gico de Estudios Superiores de Chalco, es un&#46;&#46;&#46;<\/p>\n","protected":false},"author":1,"featured_media":0,"parent":0,"menu_order":0,"comment_status":"closed","ping_status":"closed","template":"","meta":{"_crdt_document":"","footnotes":""},"class_list":["post-83","page","type-page","status-publish","hentry"],"_links":{"self":[{"href":"https:\/\/kevinvite.com\/index.php?rest_route=\/wp\/v2\/pages\/83","targetHints":{"allow":["GET"]}}],"collection":[{"href":"https:\/\/kevinvite.com\/index.php?rest_route=\/wp\/v2\/pages"}],"about":[{"href":"https:\/\/kevinvite.com\/index.php?rest_route=\/wp\/v2\/types\/page"}],"author":[{"embeddable":true,"href":"https:\/\/kevinvite.com\/index.php?rest_route=\/wp\/v2\/users\/1"}],"replies":[{"embeddable":true,"href":"https:\/\/kevinvite.com\/index.php?rest_route=%2Fwp%2Fv2%2Fcomments&post=83"}],"version-history":[{"count":11,"href":"https:\/\/kevinvite.com\/index.php?rest_route=\/wp\/v2\/pages\/83\/revisions"}],"predecessor-version":[{"id":302,"href":"https:\/\/kevinvite.com\/index.php?rest_route=\/wp\/v2\/pages\/83\/revisions\/302"}],"wp:attachment":[{"href":"https:\/\/kevinvite.com\/index.php?rest_route=%2Fwp%2Fv2%2Fmedia&parent=83"}],"curies":[{"name":"wp","href":"https:\/\/api.w.org\/{rel}","templated":true}]}}